{"id":92,"date":"2017-05-26T09:41:56","date_gmt":"2017-05-26T12:41:56","guid":{"rendered":"http:\/\/link2.com.br\/acoforte\/?page_id=92"},"modified":"2020-08-18T16:23:38","modified_gmt":"2020-08-18T19:23:38","slug":"servicos","status":"publish","type":"page","link":"https:\/\/cdsservicos.com\/?page_id=92","title":{"rendered":"Servi\u00e7os"},"content":{"rendered":"<h4>Servi\u00e7os<\/h4>\n<figure><img loading=\"lazy\" decoding=\"async\" width=\"264\" height=\"166\" src=\"http:\/\/cdsservicos.com\/wp-content\/uploads\/2017\/10\/264X166-portaria.png\" alt=\"\" \/><\/figure>\n<h3>Portaria<\/h3>\n<figure><img loading=\"lazy\" decoding=\"async\" width=\"264\" height=\"166\" src=\"http:\/\/cdsservicos.com\/wp-content\/uploads\/2020\/08\/264x166-seguranca.png\" alt=\"\" \/><\/figure>\n<h3>Seguran\u00e7a<\/h3>\n<figure><img loading=\"lazy\" decoding=\"async\" width=\"264\" height=\"166\" src=\"http:\/\/cdsservicos.com\/wp-content\/uploads\/2017\/10\/264X166-auxiliares-1.png\" alt=\"\" \/><\/figure>\n<h3>Manuten\u00e7\u0101o<\/h3>\n<figure><img loading=\"lazy\" decoding=\"async\" width=\"264\" height=\"166\" src=\"http:\/\/cdsservicos.com\/wp-content\/uploads\/2020\/08\/264x166-24h.png\" alt=\"\" \/><\/figure>\n<h3>Monitoramento 24h<\/h3>\n<figure><img loading=\"lazy\" decoding=\"async\" width=\"264\" height=\"166\" src=\"http:\/\/cdsservicos.com\/wp-content\/uploads\/2020\/08\/264x166-rastreamento.png\" alt=\"\" \/><\/figure>\n<h3>Rastreamento 24h<\/h3>\n<figure><img loading=\"lazy\" decoding=\"async\" width=\"264\" height=\"166\" src=\"http:\/\/cdsservicos.com\/wp-content\/uploads\/2020\/08\/264x166-cft.png\" alt=\"\" \/><\/figure>\n<h3>CFTV (Circuito fechado de TV)<\/h3>\n<figure><img loading=\"lazy\" decoding=\"async\" width=\"264\" height=\"166\" src=\"http:\/\/cdsservicos.com\/wp-content\/uploads\/2020\/08\/264x166-cerca.png\" alt=\"\" \/><\/figure>\n<h3>Cerca El\u00e9trica<\/h3>\n<figure><img loading=\"lazy\" decoding=\"async\" width=\"264\" height=\"166\" src=\"http:\/\/cdsservicos.com\/wp-content\/uploads\/2020\/08\/264x166-alarmes.png\" alt=\"\" \/><\/figure>\n<h3>Alarmes<\/h3>\n<figure><img loading=\"lazy\" decoding=\"async\" width=\"264\" height=\"166\" src=\"http:\/\/cdsservicos.com\/wp-content\/uploads\/2020\/08\/264x166-telefonia.png\" alt=\"\" \/><\/figure>\n<h3>Telefonia e Interfones<\/h3>\n<figure><img loading=\"lazy\" decoding=\"async\" width=\"264\" height=\"166\" src=\"http:\/\/cdsservicos.com\/wp-content\/uploads\/2020\/08\/264x166-controledeacesso.png\" alt=\"\" \/><\/figure>\n<h3>Controle de Acesso<\/h3>\n<figure><img loading=\"lazy\" decoding=\"async\" width=\"264\" height=\"166\" src=\"http:\/\/cdsservicos.com\/wp-content\/uploads\/2020\/08\/264x166-portao.png\" alt=\"\" \/><\/figure>\n<h3>Automatiza\u00e7\u0101o de Port\u00f5es <\/h3>\n<figure><img loading=\"lazy\" decoding=\"async\" width=\"264\" height=\"166\" src=\"http:\/\/cdsservicos.com\/wp-content\/uploads\/2017\/10\/264X166-limpeza.png\" alt=\"\" \/><\/figure>\n<h3>Limpeza<\/h3>\n","protected":false},"excerpt":{"rendered":"<p>Servi\u00e7os Portaria Seguran\u00e7a Manuten\u00e7\u0101o Monitoramento 24h Rastreamento 24h CFTV (Circuito fechado de TV) Cerca El\u00e9trica Alarmes Telefonia e Interfones Controle de Acesso Automatiza\u00e7\u0101o de Port\u00f5es Limpeza<\/p>\n","protected":false},"author":1,"featured_media":0,"parent":0,"menu_order":0,"comment_status":"closed","ping_status":"closed","template":"elementor_header_footer","meta":{"footnotes":""},"class_list":["post-92","page","type-page","status-publish","hentry"],"_links":{"self":[{"href":"https:\/\/cdsservicos.com\/index.php?rest_route=\/wp\/v2\/pages\/92","targetHints":{"allow":["GET"]}}],"collection":[{"href":"https:\/\/cdsservicos.com\/index.php?rest_route=\/wp\/v2\/pages"}],"about":[{"href":"https:\/\/cdsservicos.com\/index.php?rest_route=\/wp\/v2\/types\/page"}],"author":[{"embeddable":true,"href":"https:\/\/cdsservicos.com\/index.php?rest_route=\/wp\/v2\/users\/1"}],"replies":[{"embeddable":true,"href":"https:\/\/cdsservicos.com\/index.php?rest_route=%2Fwp%2Fv2%2Fcomments&post=92"}],"version-history":[{"count":92,"href":"https:\/\/cdsservicos.com\/index.php?rest_route=\/wp\/v2\/pages\/92\/revisions"}],"predecessor-version":[{"id":401,"href":"https:\/\/cdsservicos.com\/index.php?rest_route=\/wp\/v2\/pages\/92\/revisions\/401"}],"wp:attachment":[{"href":"https:\/\/cdsservicos.com\/index.php?rest_route=%2Fwp%2Fv2%2Fmedia&parent=92"}],"curies":[{"name":"wp","href":"https:\/\/api.w.org\/{rel}","templated":true}]}}